{"id":6,"date":"2019-07-15T18:18:57","date_gmt":"2019-07-15T16:18:57","guid":{"rendered":"https:\/\/test.stefan-borgheyink.de\/?page_id=6"},"modified":"2019-07-15T18:18:57","modified_gmt":"2019-07-15T16:18:57","slug":"startseite","status":"publish","type":"page","link":"https:\/\/stefan-borgheyink.de\/","title":{"rendered":"Startseite"},"content":{"rendered":"<div class=\"col-md-5\">\n<h3>\u00dcber Hestia<\/h3>\n<p>Du brauchst mehr Details? Bitte schau dir unsere vollst\u00e4ndige Dokumentation mit detaillierten Informationen \u00fcber die Nutzung von Hestia an.<\/p><\/div>\n<div class=\"col-md-6 col-md-offset-1\"><img decoding=\"async\" class=\"size-medium alignright\" src=\"https:\/\/test.stefan-borgheyink.de\/wp-content\/themes\/hestia\/assets\/img\/about-content.png\"\/><\/div>\n","protected":false},"excerpt":{"rendered":"<p>\u00dcber Hestia Du brauchst mehr Details? Bitte schau dir unsere vollst\u00e4ndige Dokumentation mit detaillierten Informationen \u00fcber die Nutzung von Hestia an.<\/p>\n","protected":false},"author":1,"featured_media":0,"parent":0,"menu_order":0,"comment_status":"closed","ping_status":"closed","template":"","meta":{"ngg_post_thumbnail":0,"footnotes":""},"class_list":["post-6","page","type-page","status-publish","hentry"],"_links":{"self":[{"href":"https:\/\/stefan-borgheyink.de\/index.php?rest_route=\/wp\/v2\/pages\/6","targetHints":{"allow":["GET"]}}],"collection":[{"href":"https:\/\/stefan-borgheyink.de\/index.php?rest_route=\/wp\/v2\/pages"}],"about":[{"href":"https:\/\/stefan-borgheyink.de\/index.php?rest_route=\/wp\/v2\/types\/page"}],"author":[{"embeddable":true,"href":"https:\/\/stefan-borgheyink.de\/index.php?rest_route=\/wp\/v2\/users\/1"}],"replies":[{"embeddable":true,"href":"https:\/\/stefan-borgheyink.de\/index.php?rest_route=%2Fwp%2Fv2%2Fcomments&post=6"}],"version-history":[{"count":1,"href":"https:\/\/stefan-borgheyink.de\/index.php?rest_route=\/wp\/v2\/pages\/6\/revisions"}],"predecessor-version":[{"id":9,"href":"https:\/\/stefan-borgheyink.de\/index.php?rest_route=\/wp\/v2\/pages\/6\/revisions\/9"}],"wp:attachment":[{"href":"https:\/\/stefan-borgheyink.de\/index.php?rest_route=%2Fwp%2Fv2%2Fmedia&parent=6"}],"curies":[{"name":"wp","href":"https:\/\/api.w.org\/{rel}","templated":true}]}}